{"id":14,"date":"2024-10-16T14:42:23","date_gmt":"2024-10-16T14:42:23","guid":{"rendered":"https:\/\/openshops.rkinformatika.online\/?page_id=14"},"modified":"2025-02-14T16:30:52","modified_gmt":"2025-02-14T16:30:52","slug":"servicios","status":"publish","type":"page","link":"https:\/\/esteticamaribel.es\/eu\/servicios\/","title":{"rendered":"ZERBITZUAK"},"content":{"rendered":"<div data-elementor-type=\"wp-page\" data-elementor-id=\"14\" class=\"elementor elementor-14\" data-elementor-post-type=\"page\">\n\t\t\t\t<div class=\"elementor-element elementor-element-332f95a e-flex e-con-boxed e-con e-parent\" data-id=\"332f95a\" data-element_type=\"container\" data-e-type=\"container\" data-settings=\"{&quot;background_background&quot;:&quot;classic&quot;}\">\n\t\t\t\t\t<div class=\"e-con-inner\">\n\t\t<div class=\"elementor-element elementor-element-9bc7600 e-con-full e-flex e-con e-child\" data-id=\"9bc7600\" data-element_type=\"container\" data-e-type=\"container\">\n\t\t\t\t<div class=\"elementor-element elementor-element-1927d46 elementor-invisible elementor-widget elementor-widget-heading\" data-id=\"1927d46\" data-element_type=\"widget\" data-e-type=\"widget\" data-settings=\"{&quot;_animation&quot;:&quot;zoomIn&quot;}\" data-widget_type=\"heading.default\">\n\t\t\t\t<div class=\"elementor-widget-container\">\n\t\t\t\t\t<h1 class=\"elementor-heading-title elementor-size-default\">\n\u00a1Descubre Est\u00e9tica Maribel!<\/h1>\t\t\t\t<\/div>\n\t\t\t\t<\/div>\n\t\t\t\t<\/div>\n\t\t\t\t\t<\/div>\n\t\t\t\t<\/div>\n\t\t<div class=\"elementor-element elementor-element-1d06889 e-flex e-con-boxed e-con e-parent\" data-id=\"1d06889\" data-element_type=\"container\" data-e-type=\"container\">\n\t\t\t\t\t<div class=\"e-con-inner\">\n\t\t<div class=\"elementor-element elementor-element-dbfb599 e-con-full e-flex e-con e-child\" data-id=\"dbfb599\" data-element_type=\"container\" data-e-type=\"container\">\n\t\t\t\t<div class=\"elementor-element elementor-element-694ea69 elementor-position-top elementor-widget elementor-widget-image-box\" data-id=\"694ea69\" data-element_type=\"widget\" data-e-type=\"widget\" data-widget_type=\"image-box.default\">\n\t\t\t\t<div class=\"elementor-widget-container\">\n\t\t\t\t\t<div class=\"elementor-image-box-wrapper\"><figure class=\"elementor-image-box-img\"><img fetchpriority=\"high\" decoding=\"async\" width=\"1000\" height=\"667\" src=\"https:\/\/esteticamaribel.es\/wp-content\/uploads\/2025\/02\/4593.jpg\" class=\"attachment-full size-full wp-image-2551\" alt=\"\" srcset=\"https:\/\/esteticamaribel.es\/wp-content\/uploads\/2025\/02\/4593.jpg 1000w, https:\/\/esteticamaribel.es\/wp-content\/uploads\/2025\/02\/4593-300x200.jpg 300w, https:\/\/esteticamaribel.es\/wp-content\/uploads\/2025\/02\/4593-768x512.jpg 768w, https:\/\/esteticamaribel.es\/wp-content\/uploads\/2025\/02\/4593-18x12.jpg 18w\" sizes=\"(max-width: 1000px) 100vw, 1000px\" \/><\/figure><div class=\"elementor-image-box-content\"><h3 class=\"elementor-image-box-title\">Tratamientos Faciales con Aparatolog\u00eda<\/h3><p class=\"elementor-image-box-description\">Mejora la salud y apariencia de tu piel con tecnolog\u00eda avanzada. Ofrecemos limpieza profunda, hidrataci\u00f3n, rejuvenecimiento, radiofrecuencia, fototerapia y m\u00e1s, adaptados a cada tipo de piel.<\/p><\/div><\/div>\t\t\t\t<\/div>\n\t\t\t\t<\/div>\n\t\t\t\t<\/div>\n\t\t<div class=\"elementor-element elementor-element-eb540e5 e-con-full e-flex e-con e-child\" data-id=\"eb540e5\" data-element_type=\"container\" data-e-type=\"container\">\n\t\t\t\t<div class=\"elementor-element elementor-element-c5aaf90 elementor-position-top elementor-widget elementor-widget-image-box\" data-id=\"c5aaf90\" data-element_type=\"widget\" data-e-type=\"widget\" data-widget_type=\"image-box.default\">\n\t\t\t\t<div class=\"elementor-widget-container\">\n\t\t\t\t\t<div class=\"elementor-image-box-wrapper\"><figure class=\"elementor-image-box-img\"><img decoding=\"async\" width=\"1000\" height=\"667\" src=\"https:\/\/esteticamaribel.es\/wp-content\/uploads\/2025\/02\/13496.jpg\" class=\"attachment-full size-full wp-image-2552\" alt=\"\" srcset=\"https:\/\/esteticamaribel.es\/wp-content\/uploads\/2025\/02\/13496.jpg 1000w, https:\/\/esteticamaribel.es\/wp-content\/uploads\/2025\/02\/13496-300x200.jpg 300w, https:\/\/esteticamaribel.es\/wp-content\/uploads\/2025\/02\/13496-768x512.jpg 768w, https:\/\/esteticamaribel.es\/wp-content\/uploads\/2025\/02\/13496-18x12.jpg 18w\" sizes=\"(max-width: 1000px) 100vw, 1000px\" \/><\/figure><div class=\"elementor-image-box-content\"><h3 class=\"elementor-image-box-title\">Depilaci\u00f3n con Cera<\/h3><p class=\"elementor-image-box-description\">Elimina el vello de forma eficaz y duradera con nuestras t\u00e9cnicas de depilaci\u00f3n con cera caliente o tibia, ideales para cualquier zona del cuerpo y con un acabado suave y sin irritaciones.<\/p><\/div><\/div>\t\t\t\t<\/div>\n\t\t\t\t<\/div>\n\t\t\t\t<\/div>\n\t\t<div class=\"elementor-element elementor-element-ca051ff e-con-full e-flex e-con e-child\" data-id=\"ca051ff\" data-element_type=\"container\" data-e-type=\"container\">\n\t\t\t\t<div class=\"elementor-element elementor-element-150982f elementor-position-top elementor-widget elementor-widget-image-box\" data-id=\"150982f\" data-element_type=\"widget\" data-e-type=\"widget\" data-widget_type=\"image-box.default\">\n\t\t\t\t<div class=\"elementor-widget-container\">\n\t\t\t\t\t<div class=\"elementor-image-box-wrapper\"><figure class=\"elementor-image-box-img\"><img decoding=\"async\" width=\"1000\" height=\"672\" src=\"https:\/\/esteticamaribel.es\/wp-content\/uploads\/2025\/02\/18808.jpg\" class=\"attachment-full size-full wp-image-2556\" alt=\"\" srcset=\"https:\/\/esteticamaribel.es\/wp-content\/uploads\/2025\/02\/18808.jpg 1000w, https:\/\/esteticamaribel.es\/wp-content\/uploads\/2025\/02\/18808-300x202.jpg 300w, https:\/\/esteticamaribel.es\/wp-content\/uploads\/2025\/02\/18808-768x516.jpg 768w, https:\/\/esteticamaribel.es\/wp-content\/uploads\/2025\/02\/18808-18x12.jpg 18w\" sizes=\"(max-width: 1000px) 100vw, 1000px\" \/><\/figure><div class=\"elementor-image-box-content\"><h3 class=\"elementor-image-box-title\">Pedicuras<\/h3><p class=\"elementor-image-box-description\">Desde esmaltado cl\u00e1sico hasta u\u00f1as semipermanentes o acr\u00edlicas. Cuida tus manos y pies con nuestros tratamientos de hidrataci\u00f3n, limado y esmaltado para un look impecable.<\/p><\/div><\/div>\t\t\t\t<\/div>\n\t\t\t\t<\/div>\n\t\t\t\t<\/div>\n\t\t<div class=\"elementor-element elementor-element-e405c38 e-con-full e-flex e-con e-child\" data-id=\"e405c38\" data-element_type=\"container\" data-e-type=\"container\">\n\t\t\t\t<div class=\"elementor-element elementor-element-d6bf67f elementor-position-top elementor-widget elementor-widget-image-box\" data-id=\"d6bf67f\" data-element_type=\"widget\" data-e-type=\"widget\" data-widget_type=\"image-box.default\">\n\t\t\t\t<div class=\"elementor-widget-container\">\n\t\t\t\t\t<div class=\"elementor-image-box-wrapper\"><figure class=\"elementor-image-box-img\"><img loading=\"lazy\" decoding=\"async\" width=\"1000\" height=\"667\" src=\"https:\/\/esteticamaribel.es\/wp-content\/uploads\/2025\/02\/2147783888.jpg\" class=\"attachment-full size-full wp-image-2559\" alt=\"\" srcset=\"https:\/\/esteticamaribel.es\/wp-content\/uploads\/2025\/02\/2147783888.jpg 1000w, https:\/\/esteticamaribel.es\/wp-content\/uploads\/2025\/02\/2147783888-300x200.jpg 300w, https:\/\/esteticamaribel.es\/wp-content\/uploads\/2025\/02\/2147783888-768x512.jpg 768w, https:\/\/esteticamaribel.es\/wp-content\/uploads\/2025\/02\/2147783888-18x12.jpg 18w\" sizes=\"(max-width: 1000px) 100vw, 1000px\" \/><\/figure><div class=\"elementor-image-box-content\"><h3 class=\"elementor-image-box-title\">Maquillaje Profesional<\/h3><p class=\"elementor-image-box-description\">Maquillajes para eventos, bodas y ocasiones especiales. Resaltamos tu belleza con t\u00e9cnicas profesionales y productos de alta calidad para un acabado duradero y espectacular.<\/p><\/div><\/div>\t\t\t\t<\/div>\n\t\t\t\t<\/div>\n\t\t\t\t<\/div>\n\t\t<div class=\"elementor-element elementor-element-bea9961 e-con-full e-flex e-con e-child\" data-id=\"bea9961\" data-element_type=\"container\" data-e-type=\"container\">\n\t\t\t\t<div class=\"elementor-element elementor-element-10df7e1 elementor-position-top elementor-widget elementor-widget-image-box\" data-id=\"10df7e1\" data-element_type=\"widget\" data-e-type=\"widget\" data-widget_type=\"image-box.default\">\n\t\t\t\t<div class=\"elementor-widget-container\">\n\t\t\t\t\t<div class=\"elementor-image-box-wrapper\"><figure class=\"elementor-image-box-img\"><img loading=\"lazy\" decoding=\"async\" width=\"1000\" height=\"667\" src=\"https:\/\/esteticamaribel.es\/wp-content\/uploads\/2025\/02\/2642.jpg\" class=\"attachment-full size-full wp-image-2563\" alt=\"\" srcset=\"https:\/\/esteticamaribel.es\/wp-content\/uploads\/2025\/02\/2642.jpg 1000w, https:\/\/esteticamaribel.es\/wp-content\/uploads\/2025\/02\/2642-300x200.jpg 300w, https:\/\/esteticamaribel.es\/wp-content\/uploads\/2025\/02\/2642-768x512.jpg 768w, https:\/\/esteticamaribel.es\/wp-content\/uploads\/2025\/02\/2642-18x12.jpg 18w\" sizes=\"(max-width: 1000px) 100vw, 1000px\" \/><\/figure><div class=\"elementor-image-box-content\"><h3 class=\"elementor-image-box-title\">Manicuras<\/h3><p class=\"elementor-image-box-description\">Desde la manicura cl\u00e1sica, con limpieza, limado, cuidado de cut\u00edculas y esmaltado tradicional, hasta la manicura semipermanente, que garantiza color vibrante y brillo por m\u00e1s de dos semanas.<\/p><\/div><\/div>\t\t\t\t<\/div>\n\t\t\t\t<\/div>\n\t\t\t\t<\/div>\n\t\t<div class=\"elementor-element elementor-element-9e299cf e-con-full e-flex e-con e-child\" data-id=\"9e299cf\" data-element_type=\"container\" data-e-type=\"container\">\n\t\t\t\t<div class=\"elementor-element elementor-element-0bdcecc elementor-position-top elementor-widget elementor-widget-image-box\" data-id=\"0bdcecc\" data-element_type=\"widget\" data-e-type=\"widget\" data-widget_type=\"image-box.default\">\n\t\t\t\t<div class=\"elementor-widget-container\">\n\t\t\t\t\t<div class=\"elementor-image-box-wrapper\"><figure class=\"elementor-image-box-img\"><img loading=\"lazy\" decoding=\"async\" width=\"1000\" height=\"667\" src=\"https:\/\/esteticamaribel.es\/wp-content\/uploads\/2025\/02\/2149238665.jpg\" class=\"attachment-full size-full wp-image-2564\" alt=\"\" srcset=\"https:\/\/esteticamaribel.es\/wp-content\/uploads\/2025\/02\/2149238665.jpg 1000w, https:\/\/esteticamaribel.es\/wp-content\/uploads\/2025\/02\/2149238665-300x200.jpg 300w, https:\/\/esteticamaribel.es\/wp-content\/uploads\/2025\/02\/2149238665-768x512.jpg 768w, https:\/\/esteticamaribel.es\/wp-content\/uploads\/2025\/02\/2149238665-18x12.jpg 18w\" sizes=\"(max-width: 1000px) 100vw, 1000px\" \/><\/figure><div class=\"elementor-image-box-content\"><h3 class=\"elementor-image-box-title\">Micropigmentaci\u00f3n de Cejas y Labios<\/h3><p class=\"elementor-image-box-description\">Define y realza tu rostro con micropigmentaci\u00f3n semipermanente. Dise\u00f1amos cejas perfectas y labios con m\u00e1s volumen y color natural para un look siempre impecable.<\/p><\/div><\/div>\t\t\t\t<\/div>\n\t\t\t\t<\/div>\n\t\t\t\t<\/div>\n\t\t\t\t\t<\/div>\n\t\t\t\t<\/div>\n\t\t<div class=\"elementor-element elementor-element-3191fe8 e-flex e-con-boxed e-con e-parent\" data-id=\"3191fe8\" data-element_type=\"container\" data-e-type=\"container\">\n\t\t\t\t\t<div class=\"e-con-inner\">\n\t\t\t\t<div class=\"elementor-element elementor-element-3fb16c1 elementor-cta--skin-cover elementor-animated-content elementor-bg-transform elementor-bg-transform-zoom-in elementor-widget elementor-widget-call-to-action\" data-id=\"3fb16c1\" data-element_type=\"widget\" data-e-type=\"widget\" data-widget_type=\"call-to-action.default\">\n\t\t\t\t<div class=\"elementor-widget-container\">\n\t\t\t\t\t\t\t<div class=\"elementor-cta\">\n\t\t\t\t\t<div class=\"elementor-cta__bg-wrapper\">\n\t\t\t\t<div class=\"elementor-cta__bg elementor-bg\" style=\"background-image: url(https:\/\/esteticamaribel.es\/wp-content\/uploads\/2025\/02\/79CE07BF-961F-4DF7-9510-F0626F9835CC-Maribel-Montes-1024x346.jpeg);\" role=\"img\" aria-label=\"79CE07BF-961F-4DF7-9510-F0626F9835CC - Maribel Montes\"><\/div>\n\t\t\t\t<div class=\"elementor-cta__bg-overlay\"><\/div>\n\t\t\t<\/div>\n\t\t\t\t\t\t\t<div class=\"elementor-cta__content\">\n\t\t\t\t\n\t\t\t\t\t\t\t\t\t<h2 class=\"elementor-cta__title elementor-cta__content-item elementor-content-item elementor-animated-item--grow\">\n\t\t\t\t\t\tCont\u00e1ctanos y disfruta de un momento para ti.\t\t\t\t\t<\/h2>\n\t\t\t\t\n\t\t\t\t\n\t\t\t\t\t\t\t\t\t<div class=\"elementor-cta__button-wrapper elementor-cta__content-item elementor-content-item elementor-animated-item--grow\">\n\t\t\t\t\t<a class=\"elementor-cta__button elementor-button elementor-size-\" href=\"https:\/\/wa.me\/+34660007023\">\n\t\t\t\t\t\tLl\u00e1manos\t\t\t\t\t<\/a>\n\t\t\t\t\t<\/div>\n\t\t\t\t\t\t\t<\/div>\n\t\t\t\t\t\t<\/div>\n\t\t\t\t\t\t<\/div>\n\t\t\t\t<\/div>\n\t\t\t\t\t<\/div>\n\t\t\t\t<\/div>\n\t\t\t\t<\/div>","protected":false},"excerpt":{"rendered":"<p>\u00a1Descubre Est\u00e9tica Maribel! Tratamientos Faciales con Aparatolog\u00eda Mejora la salud y apariencia de tu piel con tecnolog\u00eda avanzada. Ofrecemos limpieza profunda, hidrataci\u00f3n, rejuvenecimiento, radiofrecuencia, fototerapia y m\u00e1s, adaptados a cada tipo de piel. Depilaci\u00f3n con Cera Elimina el vello de forma eficaz y duradera con nuestras t\u00e9cnicas de depilaci\u00f3n con cera caliente o tibia, ideales [&hellip;]<\/p>\n","protected":false},"author":5,"featured_media":0,"parent":0,"menu_order":0,"comment_status":"closed","ping_status":"closed","template":"elementor_canvas","meta":{"footnotes":""},"class_list":["post-14","page","type-page","status-publish","hentry"],"yoast_head":"<!-- This site is optimized with the Yoast SEO plugin v27.3 - https:\/\/yoast.com\/product\/yoast-seo-wordpress\/ -->\n<title>Servicios - Est\u00e9tica Maribel<\/title>\n<meta name=\"robots\" content=\"index, follow, max-snippet:-1, max-image-preview:large, max-video-preview:-1\" \/>\n<link rel=\"canonical\" href=\"https:\/\/esteticamaribel.es\/eu\/servicios\/\" \/>\n<meta property=\"og:locale\" content=\"en_US\" \/>\n<meta property=\"og:type\" content=\"article\" \/>\n<meta property=\"og:title\" content=\"Servicios - Est\u00e9tica Maribel\" \/>\n<meta property=\"og:description\" content=\"\u00a1Descubre Est\u00e9tica Maribel! Tratamientos Faciales con Aparatolog\u00eda Mejora la salud y apariencia de tu piel con tecnolog\u00eda avanzada. Ofrecemos limpieza profunda, hidrataci\u00f3n, rejuvenecimiento, radiofrecuencia, fototerapia y m\u00e1s, adaptados a cada tipo de piel. Depilaci\u00f3n con Cera Elimina el vello de forma eficaz y duradera con nuestras t\u00e9cnicas de depilaci\u00f3n con cera caliente o tibia, ideales [&hellip;]\" \/>\n<meta property=\"og:url\" content=\"https:\/\/esteticamaribel.es\/eu\/servicios\/\" \/>\n<meta property=\"og:site_name\" content=\"Est\u00e9tica Maribel\" \/>\n<meta property=\"article:modified_time\" content=\"2025-02-14T16:30:52+00:00\" \/>\n<meta property=\"og:image\" content=\"https:\/\/esteticamaribel.es\/wp-content\/uploads\/2025\/02\/4593.jpg\" \/>\n\t<meta property=\"og:image:width\" content=\"1000\" \/>\n\t<meta property=\"og:image:height\" content=\"667\" \/>\n\t<meta property=\"og:image:type\" content=\"image\/jpeg\" \/>\n<meta name=\"twitter:card\" content=\"summary_large_image\" \/>\n<meta name=\"twitter:label1\" content=\"Est. reading time\" \/>\n\t<meta name=\"twitter:data1\" content=\"3 minutua\" \/>\n<script type=\"application\/ld+json\" class=\"yoast-schema-graph\">{\"@context\":\"https:\\\/\\\/schema.org\",\"@graph\":[{\"@type\":\"WebPage\",\"@id\":\"https:\\\/\\\/esteticamaribel.es\\\/servicios\\\/\",\"url\":\"https:\\\/\\\/esteticamaribel.es\\\/servicios\\\/\",\"name\":\"Servicios - Est\u00e9tica Maribel\",\"isPartOf\":{\"@id\":\"https:\\\/\\\/esteticamaribel.es\\\/#website\"},\"primaryImageOfPage\":{\"@id\":\"https:\\\/\\\/esteticamaribel.es\\\/servicios\\\/#primaryimage\"},\"image\":{\"@id\":\"https:\\\/\\\/esteticamaribel.es\\\/servicios\\\/#primaryimage\"},\"thumbnailUrl\":\"https:\\\/\\\/esteticamaribel.es\\\/wp-content\\\/uploads\\\/2025\\\/02\\\/4593.jpg\",\"datePublished\":\"2024-10-16T14:42:23+00:00\",\"dateModified\":\"2025-02-14T16:30:52+00:00\",\"breadcrumb\":{\"@id\":\"https:\\\/\\\/esteticamaribel.es\\\/servicios\\\/#breadcrumb\"},\"inLanguage\":\"eu\",\"potentialAction\":[{\"@type\":\"ReadAction\",\"target\":[\"https:\\\/\\\/esteticamaribel.es\\\/servicios\\\/\"]}]},{\"@type\":\"ImageObject\",\"inLanguage\":\"eu\",\"@id\":\"https:\\\/\\\/esteticamaribel.es\\\/servicios\\\/#primaryimage\",\"url\":\"https:\\\/\\\/esteticamaribel.es\\\/wp-content\\\/uploads\\\/2025\\\/02\\\/4593.jpg\",\"contentUrl\":\"https:\\\/\\\/esteticamaribel.es\\\/wp-content\\\/uploads\\\/2025\\\/02\\\/4593.jpg\"},{\"@type\":\"BreadcrumbList\",\"@id\":\"https:\\\/\\\/esteticamaribel.es\\\/servicios\\\/#breadcrumb\",\"itemListElement\":[{\"@type\":\"ListItem\",\"position\":1,\"name\":\"Portada\",\"item\":\"https:\\\/\\\/esteticamaribel.es\\\/\"},{\"@type\":\"ListItem\",\"position\":2,\"name\":\"Servicios\"}]},{\"@type\":\"WebSite\",\"@id\":\"https:\\\/\\\/esteticamaribel.es\\\/#website\",\"url\":\"https:\\\/\\\/esteticamaribel.es\\\/\",\"name\":\"Est\u00e9tica Maribel\",\"description\":\"Cuidando tu belleza , emociones y bienestar \",\"publisher\":{\"@id\":\"https:\\\/\\\/esteticamaribel.es\\\/#organization\"},\"potentialAction\":[{\"@type\":\"SearchAction\",\"target\":{\"@type\":\"EntryPoint\",\"urlTemplate\":\"https:\\\/\\\/esteticamaribel.es\\\/?s={search_term_string}\"},\"query-input\":{\"@type\":\"PropertyValueSpecification\",\"valueRequired\":true,\"valueName\":\"search_term_string\"}}],\"inLanguage\":\"eu\"},{\"@type\":\"Organization\",\"@id\":\"https:\\\/\\\/esteticamaribel.es\\\/#organization\",\"name\":\"Est\u00e9tica Maribel\",\"url\":\"https:\\\/\\\/esteticamaribel.es\\\/\",\"logo\":{\"@type\":\"ImageObject\",\"inLanguage\":\"eu\",\"@id\":\"https:\\\/\\\/esteticamaribel.es\\\/#\\\/schema\\\/logo\\\/image\\\/\",\"url\":\"https:\\\/\\\/esteticamaribel.es\\\/wp-content\\\/uploads\\\/2025\\\/02\\\/cropped-Esku-Terapiak-Ager.png\",\"contentUrl\":\"https:\\\/\\\/esteticamaribel.es\\\/wp-content\\\/uploads\\\/2025\\\/02\\\/cropped-Esku-Terapiak-Ager.png\",\"width\":500,\"height\":446,\"caption\":\"Est\u00e9tica Maribel \"},\"image\":{\"@id\":\"https:\\\/\\\/esteticamaribel.es\\\/#\\\/schema\\\/logo\\\/image\\\/\"}}]}<\/script>\n<!-- \/ Yoast SEO plugin. -->","yoast_head_json":{"title":"Servicios - Est\u00e9tica Maribel","robots":{"index":"index","follow":"follow","max-snippet":"max-snippet:-1","max-image-preview":"max-image-preview:large","max-video-preview":"max-video-preview:-1"},"canonical":"https:\/\/esteticamaribel.es\/eu\/servicios\/","og_locale":"en_US","og_type":"article","og_title":"Servicios - Est\u00e9tica Maribel","og_description":"\u00a1Descubre Est\u00e9tica Maribel! Tratamientos Faciales con Aparatolog\u00eda Mejora la salud y apariencia de tu piel con tecnolog\u00eda avanzada. Ofrecemos limpieza profunda, hidrataci\u00f3n, rejuvenecimiento, radiofrecuencia, fototerapia y m\u00e1s, adaptados a cada tipo de piel. Depilaci\u00f3n con Cera Elimina el vello de forma eficaz y duradera con nuestras t\u00e9cnicas de depilaci\u00f3n con cera caliente o tibia, ideales [&hellip;]","og_url":"https:\/\/esteticamaribel.es\/eu\/servicios\/","og_site_name":"Est\u00e9tica Maribel","article_modified_time":"2025-02-14T16:30:52+00:00","og_image":[{"width":1000,"height":667,"url":"https:\/\/esteticamaribel.es\/wp-content\/uploads\/2025\/02\/4593.jpg","type":"image\/jpeg"}],"twitter_card":"summary_large_image","twitter_misc":{"Est. reading time":"3 minutua"},"schema":{"@context":"https:\/\/schema.org","@graph":[{"@type":"WebPage","@id":"https:\/\/esteticamaribel.es\/servicios\/","url":"https:\/\/esteticamaribel.es\/servicios\/","name":"Servicios - Est\u00e9tica Maribel","isPartOf":{"@id":"https:\/\/esteticamaribel.es\/#website"},"primaryImageOfPage":{"@id":"https:\/\/esteticamaribel.es\/servicios\/#primaryimage"},"image":{"@id":"https:\/\/esteticamaribel.es\/servicios\/#primaryimage"},"thumbnailUrl":"https:\/\/esteticamaribel.es\/wp-content\/uploads\/2025\/02\/4593.jpg","datePublished":"2024-10-16T14:42:23+00:00","dateModified":"2025-02-14T16:30:52+00:00","breadcrumb":{"@id":"https:\/\/esteticamaribel.es\/servicios\/#breadcrumb"},"inLanguage":"eu","potentialAction":[{"@type":"ReadAction","target":["https:\/\/esteticamaribel.es\/servicios\/"]}]},{"@type":"ImageObject","inLanguage":"eu","@id":"https:\/\/esteticamaribel.es\/servicios\/#primaryimage","url":"https:\/\/esteticamaribel.es\/wp-content\/uploads\/2025\/02\/4593.jpg","contentUrl":"https:\/\/esteticamaribel.es\/wp-content\/uploads\/2025\/02\/4593.jpg"},{"@type":"BreadcrumbList","@id":"https:\/\/esteticamaribel.es\/servicios\/#breadcrumb","itemListElement":[{"@type":"ListItem","position":1,"name":"Portada","item":"https:\/\/esteticamaribel.es\/"},{"@type":"ListItem","position":2,"name":"Servicios"}]},{"@type":"WebSite","@id":"https:\/\/esteticamaribel.es\/#website","url":"https:\/\/esteticamaribel.es\/","name":"Maribel estetikara","description":"Cuidando tu belleza , emociones y bienestar","publisher":{"@id":"https:\/\/esteticamaribel.es\/#organization"},"potentialAction":[{"@type":"SearchAction","target":{"@type":"EntryPoint","urlTemplate":"https:\/\/esteticamaribel.es\/?s={search_term_string}"},"query-input":{"@type":"PropertyValueSpecification","valueRequired":true,"valueName":"search_term_string"}}],"inLanguage":"eu"},{"@type":"Organization","@id":"https:\/\/esteticamaribel.es\/#organization","name":"Maribel estetikara","url":"https:\/\/esteticamaribel.es\/","logo":{"@type":"ImageObject","inLanguage":"eu","@id":"https:\/\/esteticamaribel.es\/#\/schema\/logo\/image\/","url":"https:\/\/esteticamaribel.es\/wp-content\/uploads\/2025\/02\/cropped-Esku-Terapiak-Ager.png","contentUrl":"https:\/\/esteticamaribel.es\/wp-content\/uploads\/2025\/02\/cropped-Esku-Terapiak-Ager.png","width":500,"height":446,"caption":"Est\u00e9tica Maribel "},"image":{"@id":"https:\/\/esteticamaribel.es\/#\/schema\/logo\/image\/"}}]}},"_links":{"self":[{"href":"https:\/\/esteticamaribel.es\/eu\/wp-json\/wp\/v2\/pages\/14","targetHints":{"allow":["GET"]}}],"collection":[{"href":"https:\/\/esteticamaribel.es\/eu\/wp-json\/wp\/v2\/pages"}],"about":[{"href":"https:\/\/esteticamaribel.es\/eu\/wp-json\/wp\/v2\/types\/page"}],"author":[{"embeddable":true,"href":"https:\/\/esteticamaribel.es\/eu\/wp-json\/wp\/v2\/users\/5"}],"replies":[{"embeddable":true,"href":"https:\/\/esteticamaribel.es\/eu\/wp-json\/wp\/v2\/comments?post=14"}],"version-history":[{"count":753,"href":"https:\/\/esteticamaribel.es\/eu\/wp-json\/wp\/v2\/pages\/14\/revisions"}],"predecessor-version":[{"id":2599,"href":"https:\/\/esteticamaribel.es\/eu\/wp-json\/wp\/v2\/pages\/14\/revisions\/2599"}],"wp:attachment":[{"href":"https:\/\/esteticamaribel.es\/eu\/wp-json\/wp\/v2\/media?parent=14"}],"curies":[{"name":"wp","href":"https:\/\/api.w.org\/{rel}","templated":true}]}}