{"id":941,"date":"2024-10-17T15:49:26","date_gmt":"2024-10-17T15:49:26","guid":{"rendered":"https:\/\/openshops.rkinformatika.online\/?page_id=941"},"modified":"2025-02-14T10:03:22","modified_gmt":"2025-02-14T10:03:22","slug":"inicio","status":"publish","type":"page","link":"https:\/\/esteticamaribel.es\/eu\/","title":{"rendered":"HASIERA"},"content":{"rendered":"<div data-elementor-type=\"wp-page\" data-elementor-id=\"941\" class=\"elementor elementor-941\" data-elementor-post-type=\"page\">\n\t\t\t\t\t\t<section class=\"elementor-section elementor-top-section elementor-element elementor-element-2ceda46f elementor-section-height-min-height elementor-section-boxed elementor-section-height-default elementor-section-items-middle\" data-id=\"2ceda46f\" data-element_type=\"section\" data-e-type=\"section\" data-settings=\"{&quot;background_background&quot;:&quot;classic&quot;}\">\n\t\t\t\t\t\t<div class=\"elementor-container elementor-column-gap-no\">\n\t\t\t\t\t<div class=\"elementor-column elementor-col-100 elementor-top-column elementor-element elementor-element-21c58e5c\" data-id=\"21c58e5c\" data-element_type=\"column\" data-e-type=\"column\">\n\t\t\t<div class=\"elementor-widget-wrap elementor-element-populated\">\n\t\t\t\t\t\t<div class=\"elementor-element elementor-element-42f39f1c elementor-invisible elementor-widget elementor-widget-heading\" data-id=\"42f39f1c\" data-element_type=\"widget\" data-e-type=\"widget\" data-settings=\"{&quot;_animation&quot;:&quot;zoomIn&quot;}\" data-widget_type=\"heading.default\">\n\t\t\t\t<div class=\"elementor-widget-container\">\n\t\t\t\t\t<h2 class=\"elementor-heading-title elementor-size-default\">Ongi etorri<br>Maribel estetikara<\/h2>\t\t\t\t<\/div>\n\t\t\t\t<\/div>\n\t\t\t\t<section class=\"elementor-section elementor-inner-section elementor-element elementor-element-5200ffaf elementor-section-boxed elementor-section-height-default elementor-section-height-default\" data-id=\"5200ffaf\" data-element_type=\"section\" data-e-type=\"section\">\n\t\t\t\t\t\t<div class=\"elementor-container elementor-column-gap-no\">\n\t\t\t\t\t<div class=\"elementor-column elementor-col-100 elementor-inner-column elementor-element elementor-element-c65b071\" data-id=\"c65b071\" data-element_type=\"column\" data-e-type=\"column\">\n\t\t\t<div class=\"elementor-widget-wrap\">\n\t\t\t\t\t\t\t<\/div>\n\t\t<\/div>\n\t\t\t\t\t<\/div>\n\t\t<\/section>\n\t\t\t\t\t<\/div>\n\t\t<\/div>\n\t\t\t\t\t<\/div>\n\t\t<\/section>\n\t\t\t\t<section class=\"elementor-section elementor-top-section elementor-element elementor-element-4c97510d elementor-section-content-middle elementor-section-boxed elementor-section-height-default elementor-section-height-default\" data-id=\"4c97510d\" data-element_type=\"section\" data-e-type=\"section\" data-settings=\"{&quot;background_background&quot;:&quot;classic&quot;}\">\n\t\t\t\t\t\t<div class=\"elementor-container elementor-column-gap-no\">\n\t\t\t\t\t<div class=\"elementor-column elementor-col-100 elementor-top-column elementor-element elementor-element-59e8dba\" data-id=\"59e8dba\" data-element_type=\"column\" data-e-type=\"column\">\n\t\t\t<div class=\"elementor-widget-wrap elementor-element-populated\">\n\t\t\t\t\t\t<div class=\"elementor-element elementor-element-38676f0 elementor-position-left elementor-vertical-align-middle elementor-vertical-align-top elementor-widget elementor-widget-image-box\" data-id=\"38676f0\" data-element_type=\"widget\" data-e-type=\"widget\" data-widget_type=\"image-box.default\">\n\t\t\t\t<div class=\"elementor-widget-container\">\n\t\t\t\t\t<div class=\"elementor-image-box-wrapper\"><figure class=\"elementor-image-box-img\"><img fetchpriority=\"high\" decoding=\"async\" width=\"1600\" height=\"787\" src=\"https:\/\/esteticamaribel.es\/wp-content\/uploads\/2025\/02\/0FBA880C-40AC-4470-94E5-2080DF0DB627-Maribel-Montes.jpeg\" class=\"attachment-full size-full wp-image-2411\" alt=\"\" srcset=\"https:\/\/esteticamaribel.es\/wp-content\/uploads\/2025\/02\/0FBA880C-40AC-4470-94E5-2080DF0DB627-Maribel-Montes.jpeg 1600w, https:\/\/esteticamaribel.es\/wp-content\/uploads\/2025\/02\/0FBA880C-40AC-4470-94E5-2080DF0DB627-Maribel-Montes-300x148.jpeg 300w, https:\/\/esteticamaribel.es\/wp-content\/uploads\/2025\/02\/0FBA880C-40AC-4470-94E5-2080DF0DB627-Maribel-Montes-1024x504.jpeg 1024w, https:\/\/esteticamaribel.es\/wp-content\/uploads\/2025\/02\/0FBA880C-40AC-4470-94E5-2080DF0DB627-Maribel-Montes-768x378.jpeg 768w, https:\/\/esteticamaribel.es\/wp-content\/uploads\/2025\/02\/0FBA880C-40AC-4470-94E5-2080DF0DB627-Maribel-Montes-1536x756.jpeg 1536w, https:\/\/esteticamaribel.es\/wp-content\/uploads\/2025\/02\/0FBA880C-40AC-4470-94E5-2080DF0DB627-Maribel-Montes-18x9.jpeg 18w\" sizes=\"(max-width: 1600px) 100vw, 1600px\" \/><\/figure><div class=\"elementor-image-box-content\"><h3 class=\"elementor-image-box-title\">Maribel Estetika - Edertasuna eta Ongizatea<\/h3><p class=\"elementor-image-box-description\">25 urte baino gehiago daramatzagu edertasuna eta ongizatea ospatzen, norberaren zaintzaren bikaintasunaren bidez. Gure pasioak kosmetiko naturalen lerro bat garatzera eraman gaitu, larruazala ez ezik, barne oreka eta emozioak ere elikatzeko diseinatuak.\n<br><br>\nNaturaren eta ongizatearen arteko loturan sinesten dugu, eta, horregatik, gure produktu bakoitza kalitate handiko osagai puruekin formulatuta dago, gorputzaren harmonia errespetatuz eta esperientzia sentsorial paregabea emanez.<\/p><\/div><\/div>\t\t\t\t<\/div>\n\t\t\t\t<\/div>\n\t\t\t\t\t<\/div>\n\t\t<\/div>\n\t\t\t\t\t<\/div>\n\t\t<\/section>\n\t\t<div class=\"elementor-element elementor-element-0798c33 e-flex e-con-boxed e-con e-parent\" data-id=\"0798c33\" data-element_type=\"container\" data-e-type=\"container\" data-settings=\"{&quot;background_background&quot;:&quot;classic&quot;}\">\n\t\t\t\t\t<div class=\"e-con-inner\">\n\t\t<div class=\"elementor-element elementor-element-923acb9 e-grid e-con-full e-con e-child\" data-id=\"923acb9\" data-element_type=\"container\" data-e-type=\"container\">\n\t\t\t\t<div class=\"elementor-element elementor-element-924324b elementor-widget elementor-widget-heading\" data-id=\"924324b\" data-element_type=\"widget\" data-e-type=\"widget\" data-widget_type=\"heading.default\">\n\t\t\t\t<div class=\"elementor-widget-container\">\n\t\t\t\t\t<h2 class=\"elementor-heading-title elementor-size-default\">Estetika Maribelen, larruazala eta gorputza zaintzea artea dela uste dugu; horregatik, pasioz lan egiten dugu zuri emaitzarik onenak emateko.<\/h2>\t\t\t\t<\/div>\n\t\t\t\t<\/div>\n\t\t\t\t<div class=\"elementor-element elementor-element-9a02a01 elementor-align-center elementor-widget elementor-widget-button\" data-id=\"9a02a01\" data-element_type=\"widget\" data-e-type=\"widget\" data-widget_type=\"button.default\">\n\t\t\t\t<div class=\"elementor-widget-container\">\n\t\t\t\t\t\t\t\t\t<div class=\"elementor-button-wrapper\">\n\t\t\t\t\t<a class=\"elementor-button elementor-button-link elementor-size-sm\" href=\"https:\/\/esteticamaribel.es\/eu\/servicios\/\">\n\t\t\t\t\t\t<span class=\"elementor-button-content-wrapper\">\n\t\t\t\t\t\t\t\t\t<span class=\"elementor-button-text\">ZERBITZUAK<\/span>\n\t\t\t\t\t<\/span>\n\t\t\t\t\t<\/a>\n\t\t\t\t<\/div>\n\t\t\t\t\t\t\t\t<\/div>\n\t\t\t\t<\/div>\n\t\t\t\t<\/div>\n\t\t\t\t\t<\/div>\n\t\t\t\t<\/div>\n\t\t\t\t<section class=\"elementor-section elementor-top-section elementor-element elementor-element-2ee96431 elementor-section-boxed elementor-section-height-default elementor-section-height-default\" data-id=\"2ee96431\" data-element_type=\"section\" data-e-type=\"section\" data-settings=\"{&quot;background_background&quot;:&quot;classic&quot;}\">\n\t\t\t\t\t\t\t<div class=\"elementor-background-overlay\"><\/div>\n\t\t\t\t\t\t\t<div class=\"elementor-container elementor-column-gap-no\">\n\t\t\t\t\t<div class=\"elementor-column elementor-col-100 elementor-top-column elementor-element elementor-element-5f1a4080\" data-id=\"5f1a4080\" data-element_type=\"column\" data-e-type=\"column\" data-settings=\"{&quot;background_background&quot;:&quot;classic&quot;}\">\n\t\t\t<div class=\"elementor-widget-wrap elementor-element-populated\">\n\t\t\t\t\t\t<div class=\"elementor-element elementor-element-4c04fdc6 elementor-invisible elementor-widget elementor-widget-heading\" data-id=\"4c04fdc6\" data-element_type=\"widget\" data-e-type=\"widget\" data-settings=\"{&quot;_animation&quot;:&quot;zoomIn&quot;}\" data-widget_type=\"heading.default\">\n\t\t\t\t<div class=\"elementor-widget-container\">\n\t\t\t\t\t<h2 class=\"elementor-heading-title elementor-size-default\">Ezagutu Maribel Estetikako Zure Bertsiorik Onena!<\/h2>\t\t\t\t<\/div>\n\t\t\t\t<\/div>\n\t\t\t\t<div class=\"elementor-element elementor-element-e3b91d5 elementor-invisible elementor-widget elementor-widget-heading\" data-id=\"e3b91d5\" data-element_type=\"widget\" data-e-type=\"widget\" data-settings=\"{&quot;_animation&quot;:&quot;zoomIn&quot;}\" data-widget_type=\"heading.default\">\n\t\t\t\t<div class=\"elementor-widget-container\">\n\t\t\t\t\t<h2 class=\"elementor-heading-title elementor-size-default\">Gozatu une batez zuretzat aurpegiko, gorputzeko eta ongizateko gure tratamenduekin. <\/h2>\t\t\t\t<\/div>\n\t\t\t\t<\/div>\n\t\t\t\t<div class=\"elementor-element elementor-element-a6cd98e elementor-align-center elementor-invisible elementor-widget elementor-widget-button\" data-id=\"a6cd98e\" data-element_type=\"widget\" data-e-type=\"widget\" data-settings=\"{&quot;_animation&quot;:&quot;zoomIn&quot;}\" data-widget_type=\"button.default\">\n\t\t\t\t<div class=\"elementor-widget-container\">\n\t\t\t\t\t\t\t\t\t<div class=\"elementor-button-wrapper\">\n\t\t\t\t\t<a class=\"elementor-button elementor-button-link elementor-size-sm elementor-animation-hang\" href=\"https:\/\/esteticamaribel.es\/eu\/contacto\/\">\n\t\t\t\t\t\t<span class=\"elementor-button-content-wrapper\">\n\t\t\t\t\t\t\t\t\t<span class=\"elementor-button-text\">JARRI GUREKIN HARREMANETAN<\/span>\n\t\t\t\t\t<\/span>\n\t\t\t\t\t<\/a>\n\t\t\t\t<\/div>\n\t\t\t\t\t\t\t\t<\/div>\n\t\t\t\t<\/div>\n\t\t\t\t\t<\/div>\n\t\t<\/div>\n\t\t\t\t\t<\/div>\n\t\t<\/section>\n\t\t\t\t<\/div>","protected":false},"excerpt":{"rendered":"<p>Bienvenidos aEst\u00e9tica Maribel Est\u00e9tica Maribel &#8211; Belleza y Bienestar Llevamos m\u00e1s de 25 a\u00f1os celebrando la belleza y el bienestar a trav\u00e9s de la excelencia en el cuidado personal. Nuestra pasi\u00f3n nos ha llevado a desarrollar una l\u00ednea de cosm\u00e9ticos naturales, dise\u00f1ados para nutrir no solo la piel, sino tambi\u00e9n el equilibrio interior y las [&hellip;]<\/p>\n","protected":false},"author":5,"featured_media":0,"parent":0,"menu_order":0,"comment_status":"closed","ping_status":"closed","template":"elementor_canvas","meta":{"footnotes":""},"class_list":["post-941","page","type-page","status-publish","hentry"],"yoast_head":"<!-- This site is optimized with the Yoast SEO plugin v27.3 - https:\/\/yoast.com\/product\/yoast-seo-wordpress\/ -->\n<title>Inicio - Est\u00e9tica Maribel<\/title>\n<meta name=\"robots\" content=\"index, follow, max-snippet:-1, max-image-preview:large, max-video-preview:-1\" \/>\n<link rel=\"canonical\" href=\"https:\/\/esteticamaribel.es\/eu\/\" \/>\n<meta property=\"og:locale\" content=\"en_US\" \/>\n<meta property=\"og:type\" content=\"article\" \/>\n<meta property=\"og:title\" content=\"Inicio - Est\u00e9tica Maribel\" \/>\n<meta property=\"og:description\" content=\"Bienvenidos aEst\u00e9tica Maribel Est\u00e9tica Maribel &#8211; Belleza y Bienestar Llevamos m\u00e1s de 25 a\u00f1os celebrando la belleza y el bienestar a trav\u00e9s de la excelencia en el cuidado personal. Nuestra pasi\u00f3n nos ha llevado a desarrollar una l\u00ednea de cosm\u00e9ticos naturales, dise\u00f1ados para nutrir no solo la piel, sino tambi\u00e9n el equilibrio interior y las [&hellip;]\" \/>\n<meta property=\"og:url\" content=\"https:\/\/esteticamaribel.es\/eu\/\" \/>\n<meta property=\"og:site_name\" content=\"Est\u00e9tica Maribel\" \/>\n<meta property=\"article:modified_time\" content=\"2025-02-14T10:03:22+00:00\" \/>\n<meta property=\"og:image\" content=\"https:\/\/esteticamaribel.es\/wp-content\/uploads\/2025\/02\/0FBA880C-40AC-4470-94E5-2080DF0DB627-Maribel-Montes.jpeg\" \/>\n\t<meta property=\"og:image:width\" content=\"1600\" \/>\n\t<meta property=\"og:image:height\" content=\"787\" \/>\n\t<meta property=\"og:image:type\" content=\"image\/jpeg\" \/>\n<meta name=\"twitter:card\" content=\"summary_large_image\" \/>\n<meta name=\"twitter:label1\" content=\"Est. reading time\" \/>\n\t<meta name=\"twitter:data1\" content=\"1 minutua\" \/>\n<script type=\"application\/ld+json\" class=\"yoast-schema-graph\">{\"@context\":\"https:\\\/\\\/schema.org\",\"@graph\":[{\"@type\":\"WebPage\",\"@id\":\"https:\\\/\\\/esteticamaribel.es\\\/\",\"url\":\"https:\\\/\\\/esteticamaribel.es\\\/\",\"name\":\"Inicio - Est\u00e9tica Maribel\",\"isPartOf\":{\"@id\":\"https:\\\/\\\/esteticamaribel.es\\\/#website\"},\"primaryImageOfPage\":{\"@id\":\"https:\\\/\\\/esteticamaribel.es\\\/#primaryimage\"},\"image\":{\"@id\":\"https:\\\/\\\/esteticamaribel.es\\\/#primaryimage\"},\"thumbnailUrl\":\"https:\\\/\\\/esteticamaribel.es\\\/wp-content\\\/uploads\\\/2025\\\/02\\\/0FBA880C-40AC-4470-94E5-2080DF0DB627-Maribel-Montes.jpeg\",\"datePublished\":\"2024-10-17T15:49:26+00:00\",\"dateModified\":\"2025-02-14T10:03:22+00:00\",\"breadcrumb\":{\"@id\":\"https:\\\/\\\/esteticamaribel.es\\\/#breadcrumb\"},\"inLanguage\":\"eu\",\"potentialAction\":[{\"@type\":\"ReadAction\",\"target\":[\"https:\\\/\\\/esteticamaribel.es\\\/\"]}]},{\"@type\":\"ImageObject\",\"inLanguage\":\"eu\",\"@id\":\"https:\\\/\\\/esteticamaribel.es\\\/#primaryimage\",\"url\":\"https:\\\/\\\/esteticamaribel.es\\\/wp-content\\\/uploads\\\/2025\\\/02\\\/0FBA880C-40AC-4470-94E5-2080DF0DB627-Maribel-Montes.jpeg\",\"contentUrl\":\"https:\\\/\\\/esteticamaribel.es\\\/wp-content\\\/uploads\\\/2025\\\/02\\\/0FBA880C-40AC-4470-94E5-2080DF0DB627-Maribel-Montes.jpeg\"},{\"@type\":\"BreadcrumbList\",\"@id\":\"https:\\\/\\\/esteticamaribel.es\\\/#breadcrumb\",\"itemListElement\":[{\"@type\":\"ListItem\",\"position\":1,\"name\":\"Portada\",\"item\":\"https:\\\/\\\/esteticamaribel.es\\\/\"},{\"@type\":\"ListItem\",\"position\":2,\"name\":\"Inicio\"}]},{\"@type\":\"WebSite\",\"@id\":\"https:\\\/\\\/esteticamaribel.es\\\/#website\",\"url\":\"https:\\\/\\\/esteticamaribel.es\\\/\",\"name\":\"Est\u00e9tica Maribel\",\"description\":\"Cuidando tu belleza , emociones y bienestar \",\"publisher\":{\"@id\":\"https:\\\/\\\/esteticamaribel.es\\\/#organization\"},\"potentialAction\":[{\"@type\":\"SearchAction\",\"target\":{\"@type\":\"EntryPoint\",\"urlTemplate\":\"https:\\\/\\\/esteticamaribel.es\\\/?s={search_term_string}\"},\"query-input\":{\"@type\":\"PropertyValueSpecification\",\"valueRequired\":true,\"valueName\":\"search_term_string\"}}],\"inLanguage\":\"eu\"},{\"@type\":\"Organization\",\"@id\":\"https:\\\/\\\/esteticamaribel.es\\\/#organization\",\"name\":\"Est\u00e9tica Maribel\",\"url\":\"https:\\\/\\\/esteticamaribel.es\\\/\",\"logo\":{\"@type\":\"ImageObject\",\"inLanguage\":\"eu\",\"@id\":\"https:\\\/\\\/esteticamaribel.es\\\/#\\\/schema\\\/logo\\\/image\\\/\",\"url\":\"https:\\\/\\\/esteticamaribel.es\\\/wp-content\\\/uploads\\\/2025\\\/02\\\/cropped-Esku-Terapiak-Ager.png\",\"contentUrl\":\"https:\\\/\\\/esteticamaribel.es\\\/wp-content\\\/uploads\\\/2025\\\/02\\\/cropped-Esku-Terapiak-Ager.png\",\"width\":500,\"height\":446,\"caption\":\"Est\u00e9tica Maribel \"},\"image\":{\"@id\":\"https:\\\/\\\/esteticamaribel.es\\\/#\\\/schema\\\/logo\\\/image\\\/\"}}]}<\/script>\n<!-- \/ Yoast SEO plugin. -->","yoast_head_json":{"title":"Inicio - Est\u00e9tica Maribel","robots":{"index":"index","follow":"follow","max-snippet":"max-snippet:-1","max-image-preview":"max-image-preview:large","max-video-preview":"max-video-preview:-1"},"canonical":"https:\/\/esteticamaribel.es\/eu\/","og_locale":"en_US","og_type":"article","og_title":"Inicio - Est\u00e9tica Maribel","og_description":"Bienvenidos aEst\u00e9tica Maribel Est\u00e9tica Maribel &#8211; Belleza y Bienestar Llevamos m\u00e1s de 25 a\u00f1os celebrando la belleza y el bienestar a trav\u00e9s de la excelencia en el cuidado personal. Nuestra pasi\u00f3n nos ha llevado a desarrollar una l\u00ednea de cosm\u00e9ticos naturales, dise\u00f1ados para nutrir no solo la piel, sino tambi\u00e9n el equilibrio interior y las [&hellip;]","og_url":"https:\/\/esteticamaribel.es\/eu\/","og_site_name":"Est\u00e9tica Maribel","article_modified_time":"2025-02-14T10:03:22+00:00","og_image":[{"width":1600,"height":787,"url":"https:\/\/esteticamaribel.es\/wp-content\/uploads\/2025\/02\/0FBA880C-40AC-4470-94E5-2080DF0DB627-Maribel-Montes.jpeg","type":"image\/jpeg"}],"twitter_card":"summary_large_image","twitter_misc":{"Est. reading time":"1 minutua"},"schema":{"@context":"https:\/\/schema.org","@graph":[{"@type":"WebPage","@id":"https:\/\/esteticamaribel.es\/","url":"https:\/\/esteticamaribel.es\/","name":"Inicio - Est\u00e9tica Maribel","isPartOf":{"@id":"https:\/\/esteticamaribel.es\/#website"},"primaryImageOfPage":{"@id":"https:\/\/esteticamaribel.es\/#primaryimage"},"image":{"@id":"https:\/\/esteticamaribel.es\/#primaryimage"},"thumbnailUrl":"https:\/\/esteticamaribel.es\/wp-content\/uploads\/2025\/02\/0FBA880C-40AC-4470-94E5-2080DF0DB627-Maribel-Montes.jpeg","datePublished":"2024-10-17T15:49:26+00:00","dateModified":"2025-02-14T10:03:22+00:00","breadcrumb":{"@id":"https:\/\/esteticamaribel.es\/#breadcrumb"},"inLanguage":"eu","potentialAction":[{"@type":"ReadAction","target":["https:\/\/esteticamaribel.es\/"]}]},{"@type":"ImageObject","inLanguage":"eu","@id":"https:\/\/esteticamaribel.es\/#primaryimage","url":"https:\/\/esteticamaribel.es\/wp-content\/uploads\/2025\/02\/0FBA880C-40AC-4470-94E5-2080DF0DB627-Maribel-Montes.jpeg","contentUrl":"https:\/\/esteticamaribel.es\/wp-content\/uploads\/2025\/02\/0FBA880C-40AC-4470-94E5-2080DF0DB627-Maribel-Montes.jpeg"},{"@type":"BreadcrumbList","@id":"https:\/\/esteticamaribel.es\/#breadcrumb","itemListElement":[{"@type":"ListItem","position":1,"name":"Portada","item":"https:\/\/esteticamaribel.es\/"},{"@type":"ListItem","position":2,"name":"Inicio"}]},{"@type":"WebSite","@id":"https:\/\/esteticamaribel.es\/#website","url":"https:\/\/esteticamaribel.es\/","name":"Maribel estetikara","description":"Cuidando tu belleza , emociones y bienestar","publisher":{"@id":"https:\/\/esteticamaribel.es\/#organization"},"potentialAction":[{"@type":"SearchAction","target":{"@type":"EntryPoint","urlTemplate":"https:\/\/esteticamaribel.es\/?s={search_term_string}"},"query-input":{"@type":"PropertyValueSpecification","valueRequired":true,"valueName":"search_term_string"}}],"inLanguage":"eu"},{"@type":"Organization","@id":"https:\/\/esteticamaribel.es\/#organization","name":"Maribel estetikara","url":"https:\/\/esteticamaribel.es\/","logo":{"@type":"ImageObject","inLanguage":"eu","@id":"https:\/\/esteticamaribel.es\/#\/schema\/logo\/image\/","url":"https:\/\/esteticamaribel.es\/wp-content\/uploads\/2025\/02\/cropped-Esku-Terapiak-Ager.png","contentUrl":"https:\/\/esteticamaribel.es\/wp-content\/uploads\/2025\/02\/cropped-Esku-Terapiak-Ager.png","width":500,"height":446,"caption":"Est\u00e9tica Maribel "},"image":{"@id":"https:\/\/esteticamaribel.es\/#\/schema\/logo\/image\/"}}]}},"_links":{"self":[{"href":"https:\/\/esteticamaribel.es\/eu\/wp-json\/wp\/v2\/pages\/941","targetHints":{"allow":["GET"]}}],"collection":[{"href":"https:\/\/esteticamaribel.es\/eu\/wp-json\/wp\/v2\/pages"}],"about":[{"href":"https:\/\/esteticamaribel.es\/eu\/wp-json\/wp\/v2\/types\/page"}],"author":[{"embeddable":true,"href":"https:\/\/esteticamaribel.es\/eu\/wp-json\/wp\/v2\/users\/5"}],"replies":[{"embeddable":true,"href":"https:\/\/esteticamaribel.es\/eu\/wp-json\/wp\/v2\/comments?post=941"}],"version-history":[{"count":694,"href":"https:\/\/esteticamaribel.es\/eu\/wp-json\/wp\/v2\/pages\/941\/revisions"}],"predecessor-version":[{"id":2576,"href":"https:\/\/esteticamaribel.es\/eu\/wp-json\/wp\/v2\/pages\/941\/revisions\/2576"}],"wp:attachment":[{"href":"https:\/\/esteticamaribel.es\/eu\/wp-json\/wp\/v2\/media?parent=941"}],"curies":[{"name":"wp","href":"https:\/\/api.w.org\/{rel}","templated":true}]}}